{"id":23,"date":"2020-05-04T18:03:06","date_gmt":"2020-05-04T18:03:06","guid":{"rendered":"http:\/\/julrapp.com\/?page_id=23"},"modified":"2023-10-25T10:29:57","modified_gmt":"2023-10-25T14:29:57","slug":"accueil","status":"publish","type":"page","link":"https:\/\/julrapp.com\/en\/","title":{"rendered":"Home"},"content":{"rendered":"<div data-elementor-type=\"wp-page\" data-elementor-id=\"23\" class=\"elementor elementor-23\">\n\t\t\t\t\t\t<section class=\"elementor-section elementor-top-section elementor-element elementor-element-85aca92 elementor-section-stretched elementor-section-full_width elementor-section-height-min-height elementor-section-items-top elementor-section-height-default\" data-id=\"85aca92\" data-element_type=\"section\" data-e-type=\"section\" data-settings=\"{&quot;stretch_section&quot;:&quot;section-stretched&quot;}\">\n\t\t\t\t\t\t\t<div class=\"elementor-background-overlay\"><\/div>\n\t\t\t\t\t\t\t<div class=\"elementor-container elementor-column-gap-no\">\n\t\t\t\t\t<div class=\"elementor-column elementor-col-100 elementor-top-column elementor-element elementor-element-ff6aa76\" data-id=\"ff6aa76\" data-element_type=\"column\" data-e-type=\"column\">\n\t\t\t<div class=\"elementor-widget-wrap elementor-element-populated\">\n\t\t\t\t\t\t<div class=\"elementor-element elementor-element-937471c elementor-hidden-desktop elementor-hidden-tablet elementor-widget elementor-widget-image\" data-id=\"937471c\" data-element_type=\"widget\" data-e-type=\"widget\" data-widget_type=\"image.default\">\n\t\t\t\t<div class=\"elementor-widget-container\">\n\t\t\t\t\t\t\t\t\t\t\t\t\t\t\t<img fetchpriority=\"high\" decoding=\"async\" width=\"653\" height=\"1024\" src=\"http:\/\/julrapp.com\/wp-content\/uploads\/2020\/07\/montreal-mobile-jpeg-500kb-653x1024.jpg\" class=\"attachment-large size-large wp-image-1060\" alt=\"\" srcset=\"http:\/\/julrapp.com\/wp-content\/uploads\/2020\/07\/montreal-mobile-jpeg-500kb-653x1024.jpg 653w, http:\/\/julrapp.com\/wp-content\/uploads\/2020\/07\/montreal-mobile-jpeg-500kb-191x300.jpg 191w, http:\/\/julrapp.com\/wp-content\/uploads\/2020\/07\/montreal-mobile-jpeg-500kb-768x1204.jpg 768w, http:\/\/julrapp.com\/wp-content\/uploads\/2020\/07\/montreal-mobile-jpeg-500kb-980x1536.jpg 980w, http:\/\/julrapp.com\/wp-content\/uploads\/2020\/07\/montreal-mobile-jpeg-500kb-1307x2048.jpg 1307w, http:\/\/julrapp.com\/wp-content\/uploads\/2020\/07\/montreal-mobile-jpeg-500kb.jpg 1557w\" sizes=\"(max-width: 653px) 100vw, 653px\" \/>\t\t\t\t\t\t\t\t\t\t\t\t\t\t\t<\/div>\n\t\t\t\t<\/div>\n\t\t\t\t<div class=\"elementor-element elementor-element-79ecbcf elementor-widget-tablet__width-initial elementor-widget__width-inherit elementor-hidden-phone elementor-widget elementor-widget-image\" data-id=\"79ecbcf\" data-element_type=\"widget\" data-e-type=\"widget\" data-widget_type=\"image.default\">\n\t\t\t\t<div class=\"elementor-widget-container\">\n\t\t\t\t\t\t\t\t\t\t\t\t\t\t\t<img decoding=\"async\" width=\"3158\" height=\"2440\" src=\"http:\/\/julrapp.com\/wp-content\/uploads\/2020\/07\/montreal-jpeg.jpg\" class=\"attachment-full size-full wp-image-1058\" alt=\"\" srcset=\"http:\/\/julrapp.com\/wp-content\/uploads\/2020\/07\/montreal-jpeg.jpg 3158w, http:\/\/julrapp.com\/wp-content\/uploads\/2020\/07\/montreal-jpeg-300x232.jpg 300w, http:\/\/julrapp.com\/wp-content\/uploads\/2020\/07\/montreal-jpeg-1024x791.jpg 1024w, http:\/\/julrapp.com\/wp-content\/uploads\/2020\/07\/montreal-jpeg-768x593.jpg 768w, http:\/\/julrapp.com\/wp-content\/uploads\/2020\/07\/montreal-jpeg-1536x1187.jpg 1536w, http:\/\/julrapp.com\/wp-content\/uploads\/2020\/07\/montreal-jpeg-2048x1582.jpg 2048w\" sizes=\"(max-width: 3158px) 100vw, 3158px\" \/>\t\t\t\t\t\t\t\t\t\t\t\t\t\t\t<\/div>\n\t\t\t\t<\/div>\n\t\t\t\t<div class=\"elementor-element elementor-element-10d6840 elementor-widget__width-initial elementor-absolute animated-slow elementor-widget-tablet__width-initial elementor-invisible elementor-widget elementor-widget-heading\" data-id=\"10d6840\" data-element_type=\"widget\" data-e-type=\"widget\" data-settings=\"{&quot;_animation&quot;:&quot;slideInDown&quot;,&quot;_position&quot;:&quot;absolute&quot;,&quot;_animation_delay&quot;:500}\" data-widget_type=\"heading.default\">\n\t\t\t\t<div class=\"elementor-widget-container\">\n\t\t\t\t\t<h2 class=\"elementor-heading-title elementor-size-default\">HELLO, MY NAME IS<\/h2>\t\t\t\t<\/div>\n\t\t\t\t<\/div>\n\t\t\t\t<div class=\"elementor-element elementor-element-60645a7 elementor-widget__width-initial elementor-absolute animated-slow elementor-widget-tablet__width-initial elementor-invisible elementor-widget elementor-widget-heading\" data-id=\"60645a7\" data-element_type=\"widget\" data-e-type=\"widget\" data-settings=\"{&quot;_animation&quot;:&quot;slideInDown&quot;,&quot;_position&quot;:&quot;absolute&quot;,&quot;_animation_delay&quot;:2000}\" data-widget_type=\"heading.default\">\n\t\t\t\t<div class=\"elementor-widget-container\">\n\t\t\t\t\t<h2 class=\"elementor-heading-title elementor-size-default\">JULIEN RAPP<\/h2>\t\t\t\t<\/div>\n\t\t\t\t<\/div>\n\t\t\t\t<div class=\"elementor-element elementor-element-226fd60 elementor-widget__width-initial elementor-absolute elementor-widget elementor-widget-image\" data-id=\"226fd60\" data-element_type=\"widget\" data-e-type=\"widget\" data-settings=\"{&quot;_position&quot;:&quot;absolute&quot;}\" data-widget_type=\"image.default\">\n\t\t\t\t<div class=\"elementor-widget-container\">\n\t\t\t\t\t\t\t\t\t\t\t\t\t\t\t<img decoding=\"async\" width=\"1132\" height=\"917\" src=\"http:\/\/julrapp.com\/wp-content\/uploads\/2020\/07\/photoju1-shrinked.png\" class=\"attachment-full size-full wp-image-1067\" alt=\"\" srcset=\"http:\/\/julrapp.com\/wp-content\/uploads\/2020\/07\/photoju1-shrinked.png 1132w, http:\/\/julrapp.com\/wp-content\/uploads\/2020\/07\/photoju1-shrinked-300x243.png 300w, http:\/\/julrapp.com\/wp-content\/uploads\/2020\/07\/photoju1-shrinked-1024x830.png 1024w, http:\/\/julrapp.com\/wp-content\/uploads\/2020\/07\/photoju1-shrinked-768x622.png 768w\" sizes=\"(max-width: 1132px) 100vw, 1132px\" \/>\t\t\t\t\t\t\t\t\t\t\t\t\t\t\t<\/div>\n\t\t\t\t<\/div>\n\t\t\t\t<div class=\"elementor-element elementor-element-4321b63 elementor-widget__width-initial elementor-absolute elementor-widget elementor-widget-text-editor\" data-id=\"4321b63\" data-element_type=\"widget\" data-e-type=\"widget\" data-settings=\"{&quot;_position&quot;:&quot;absolute&quot;}\" data-widget_type=\"text-editor.default\">\n\t\t\t\t<div class=\"elementor-widget-container\">\n\t\t\t\t\t\t\t\t\t<p><strong>Communication Specialist<\/strong> recognized for having strong linguistic skills, and an excellent ability <strong>to write<\/strong>, <strong>translate<\/strong> as well as <strong>correct<\/strong> internal and public-oriented strategic documents within the <strong>telecommunications sector<\/strong>.<\/p><p>Recently, I started to devote my free time to my passion for <strong>graphic design<\/strong> as well as <strong>Web-based technologies<\/strong>. These constantly evolving domains allow me to challenge my creativity, as well as my attraction for problem solving.<\/p><p>The main goal of this Website is to introduce myself on the professional level, and allow you to find out things that I enjoy on a more personal level.<\/p>\t\t\t\t\t\t\t\t<\/div>\n\t\t\t\t<\/div>\n\t\t\t\t\t<\/div>\n\t\t<\/div>\n\t\t\t\t\t<\/div>\n\t\t<\/section>\n\t\t\t\t<section class=\"elementor-section elementor-top-section elementor-element elementor-element-521d19b elementor-section-stretched elementor-section-full_width elementor-section-height-min-height elementor-section-content-top elementor-section-height-default elementor-section-items-middle\" data-id=\"521d19b\" data-element_type=\"section\" data-e-type=\"section\" data-settings=\"{&quot;stretch_section&quot;:&quot;section-stretched&quot;,&quot;shape_divider_top&quot;:&quot;wave-brush&quot;}\">\n\t\t\t\t\t<div class=\"elementor-shape elementor-shape-top\" aria-hidden=\"true\" data-negative=\"false\">\n\t\t\t<svg xmlns=\"http:\/\/www.w3.org\/2000\/svg\" viewbox=\"0 0 283.5 27.8\" preserveaspectratio=\"none\">\n\t<path class=\"elementor-shape-fill\" d=\"M283.5,9.7c0,0-7.3,4.3-14,4.6c-6.8,0.3-12.6,0-20.9-1.5c-11.3-2-33.1-10.1-44.7-5.7\ts-12.1,4.6-18,7.4c-6.6,3.2-20,9.6-36.6,9.3C131.6,23.5,99.5,7.2,86.3,8c-1.4,0.1-6.6,0.8-10.5,2c-3.8,1.2-9.4,3.8-17,4.7\tc-3.2,0.4-8.3,1.1-14.2,0.9c-1.5-0.1-6.3-0.4-12-1.6c-5.7-1.2-11-3.1-15.8-3.7C6.5,9.2,0,10.8,0,10.8V0h283.5V9.7z M260.8,11.3\tc-0.7-1-2-0.4-4.3-0.4c-2.3,0-6.1-1.2-5.8-1.1c0.3,0.1,3.1,1.5,6,1.9C259.7,12.2,261.4,12.3,260.8,11.3z M242.4,8.6\tc0,0-2.4-0.2-5.6-0.9c-3.2-0.8-10.3-2.8-15.1-3.5c-8.2-1.1-15.8,0-15.1,0.1c0.8,0.1,9.6-0.6,17.6,1.1c3.3,0.7,9.3,2.2,12.4,2.7\tC239.9,8.7,242.4,8.6,242.4,8.6z M185.2,8.5c1.7-0.7-13.3,4.7-18.5,6.1c-2.1,0.6-6.2,1.6-10,2c-3.9,0.4-8.9,0.4-8.8,0.5\tc0,0.2,5.8,0.8,11.2,0c5.4-0.8,5.2-1.1,7.6-1.6C170.5,14.7,183.5,9.2,185.2,8.5z M199.1,6.9c0.2,0-0.8-0.4-4.8,1.1\tc-4,1.5-6.7,3.5-6.9,3.7c-0.2,0.1,3.5-1.8,6.6-3C197,7.5,199,6.9,199.1,6.9z M283,6c-0.1,0.1-1.9,1.1-4.8,2.5s-6.9,2.8-6.7,2.7\tc0.2,0,3.5-0.6,7.4-2.5C282.8,6.8,283.1,5.9,283,6z M31.3,11.6c0.1-0.2-1.9-0.2-4.5-1.2s-5.4-1.6-7.8-2C15,7.6,7.3,8.5,7.7,8.6\tC8,8.7,15.9,8.3,20.2,9.3c2.2,0.5,2.4,0.5,5.7,1.6S31.2,11.9,31.3,11.6z M73,9.2c0.4-0.1,3.5-1.6,8.4-2.6c4.9-1.1,8.9-0.5,8.9-0.8\tc0-0.3-1-0.9-6.2-0.3S72.6,9.3,73,9.2z M71.6,6.7C71.8,6.8,75,5.4,77.3,5c2.3-0.3,1.9-0.5,1.9-0.6c0-0.1-1.1-0.2-2.7,0.2\tC74.8,5.1,71.4,6.6,71.6,6.7z M93.6,4.4c0.1,0.2,3.5,0.8,5.6,1.8c2.1,1,1.8,0.6,1.9,0.5c0.1-0.1-0.8-0.8-2.4-1.3\tC97.1,4.8,93.5,4.2,93.6,4.4z M65.4,11.1c-0.1,0.3,0.3,0.5,1.9-0.2s2.6-1.3,2.2-1.2s-0.9,0.4-2.5,0.8C65.3,10.9,65.5,10.8,65.4,11.1\tz M34.5,12.4c-0.2,0,2.1,0.8,3.3,0.9c1.2,0.1,2,0.1,2-0.2c0-0.3-0.1-0.5-1.6-0.4C36.6,12.8,34.7,12.4,34.5,12.4z M152.2,21.1\tc-0.1,0.1-2.4-0.3-7.5-0.3c-5,0-13.6-2.4-17.2-3.5c-3.6-1.1,10,3.9,16.5,4.1C150.5,21.6,152.3,21,152.2,21.1z\"\/>\n\t<path class=\"elementor-shape-fill\" d=\"M269.6,18c-0.1-0.1-4.6,0.3-7.2,0c-7.3-0.7-17-3.2-16.6-2.9c0.4,0.3,13.7,3.1,17,3.3\tC267.7,18.8,269.7,18,269.6,18z\"\/>\n\t<path class=\"elementor-shape-fill\" d=\"M227.4,9.8c-0.2-0.1-4.5-1-9.5-1.2c-5-0.2-12.7,0.6-12.3,0.5c0.3-0.1,5.9-1.8,13.3-1.2\tS227.6,9.9,227.4,9.8z\"\/>\n\t<path class=\"elementor-shape-fill\" d=\"M204.5,13.4c-0.1-0.1,2-1,3.2-1.1c1.2-0.1,2,0,2,0.3c0,0.3-0.1,0.5-1.6,0.4\tC206.4,12.9,204.6,13.5,204.5,13.4z\"\/>\n\t<path class=\"elementor-shape-fill\" d=\"M201,10.6c0-0.1-4.4,1.2-6.3,2.2c-1.9,0.9-6.2,3.1-6.1,3.1c0.1,0.1,4.2-1.6,6.3-2.6\tS201,10.7,201,10.6z\"\/>\n\t<path class=\"elementor-shape-fill\" d=\"M154.5,26.7c-0.1-0.1-4.6,0.3-7.2,0c-7.3-0.7-17-3.2-16.6-2.9c0.4,0.3,13.7,3.1,17,3.3\tC152.6,27.5,154.6,26.8,154.5,26.7z\"\/>\n\t<path class=\"elementor-shape-fill\" d=\"M41.9,19.3c0,0,1.2-0.3,2.9-0.1c1.7,0.2,5.8,0.9,8.2,0.7c4.2-0.4,7.4-2.7,7-2.6\tc-0.4,0-4.3,2.2-8.6,1.9c-1.8-0.1-5.1-0.5-6.7-0.4S41.9,19.3,41.9,19.3z\"\/>\n\t<path class=\"elementor-shape-fill\" d=\"M75.5,12.6c0.2,0.1,2-0.8,4.3-1.1c2.3-0.2,2.1-0.3,2.1-0.5c0-0.1-1.8-0.4-3.4,0\tC76.9,11.5,75.3,12.5,75.5,12.6z\"\/>\n\t<path class=\"elementor-shape-fill\" d=\"M15.6,13.2c0-0.1,4.3,0,6.7,0.5c2.4,0.5,5,1.9,5,2c0,0.1-2.7-0.8-5.1-1.4\tC19.9,13.7,15.7,13.3,15.6,13.2z\"\/>\n<\/svg>\t\t<\/div>\n\t\t\t\t\t<div class=\"elementor-container elementor-column-gap-default\">\n\t\t\t\t\t<div class=\"elementor-column elementor-col-50 elementor-top-column elementor-element elementor-element-3e4816e\" data-id=\"3e4816e\" data-element_type=\"column\" data-e-type=\"column\" data-settings=\"{&quot;background_background&quot;:&quot;classic&quot;}\">\n\t\t\t<div class=\"elementor-widget-wrap elementor-element-populated\">\n\t\t\t\t\t\t<div class=\"elementor-element elementor-element-b4cfc31 elementor-widget elementor-widget-text-editor\" data-id=\"b4cfc31\" data-element_type=\"widget\" data-e-type=\"widget\" data-widget_type=\"text-editor.default\">\n\t\t\t\t<div class=\"elementor-widget-container\">\n\t\t\t\t\t\t\t\t\t<p>Contact details: <br>Ph: (+1) 514-834-2912<br>Email:  julien.rapp@hotmail.com<br>City: Montreal (QC) - Canada<\/p>\t\t\t\t\t\t\t\t<\/div>\n\t\t\t\t<\/div>\n\t\t\t\t\t<\/div>\n\t\t<\/div>\n\t\t\t\t<div class=\"elementor-column elementor-col-50 elementor-top-column elementor-element elementor-element-8c3d1bb\" data-id=\"8c3d1bb\" data-element_type=\"column\" data-e-type=\"column\" data-settings=\"{&quot;background_background&quot;:&quot;classic&quot;}\">\n\t\t\t<div class=\"elementor-widget-wrap elementor-element-populated\">\n\t\t\t\t\t\t<div class=\"elementor-element elementor-element-7423ed2 elementor-widget elementor-widget-text-editor\" data-id=\"7423ed2\" data-element_type=\"widget\" data-e-type=\"widget\" data-widget_type=\"text-editor.default\">\n\t\t\t\t<div class=\"elementor-widget-container\">\n\t\t\t\t\t\t\t\t\t<p>Find me on <\/p>\t\t\t\t\t\t\t\t<\/div>\n\t\t\t\t<\/div>\n\t\t\t\t<div class=\"elementor-element elementor-element-da756e3 elementor-widget-mobile__width-inherit elementor-shape-rounded elementor-grid-0 e-grid-align-center elementor-widget elementor-widget-social-icons\" data-id=\"da756e3\" data-element_type=\"widget\" data-e-type=\"widget\" data-widget_type=\"social-icons.default\">\n\t\t\t\t<div class=\"elementor-widget-container\">\n\t\t\t\t\t\t\t<div class=\"elementor-social-icons-wrapper elementor-grid\" role=\"list\">\n\t\t\t\t\t\t\t<span class=\"elementor-grid-item\" role=\"listitem\">\n\t\t\t\t\t<a class=\"elementor-icon elementor-social-icon elementor-social-icon-facebook elementor-animation-grow elementor-repeater-item-abd5223\" href=\"https:\/\/www.facebook.com\/julien.herbert.andreas.rapp\" target=\"_blank\">\n\t\t\t\t\t\t<span class=\"elementor-screen-only\">Facebook<\/span>\n\t\t\t\t\t\t<i aria-hidden=\"true\" class=\"fab fa-facebook\"><\/i>\t\t\t\t\t<\/a>\n\t\t\t\t<\/span>\n\t\t\t\t\t\t\t<span class=\"elementor-grid-item\" role=\"listitem\">\n\t\t\t\t\t<a class=\"elementor-icon elementor-social-icon elementor-social-icon-linkedin elementor-animation-grow elementor-repeater-item-f3ace36\" href=\"https:\/\/ca.linkedin.com\/in\/julien-rapp\" target=\"_blank\">\n\t\t\t\t\t\t<span class=\"elementor-screen-only\">Linkedin<\/span>\n\t\t\t\t\t\t<i aria-hidden=\"true\" class=\"fab fa-linkedin\"><\/i>\t\t\t\t\t<\/a>\n\t\t\t\t<\/span>\n\t\t\t\t\t\t\t<span class=\"elementor-grid-item\" role=\"listitem\">\n\t\t\t\t\t<a class=\"elementor-icon elementor-social-icon elementor-social-icon-instagram elementor-animation-grow elementor-repeater-item-29b401c\" href=\"https:\/\/www.instagram.com\/juls1283\/\" target=\"_blank\">\n\t\t\t\t\t\t<span class=\"elementor-screen-only\">Instagram<\/span>\n\t\t\t\t\t\t<i aria-hidden=\"true\" class=\"fab fa-instagram\"><\/i>\t\t\t\t\t<\/a>\n\t\t\t\t<\/span>\n\t\t\t\t\t<\/div>\n\t\t\t\t\t\t<\/div>\n\t\t\t\t<\/div>\n\t\t\t\t\t<\/div>\n\t\t<\/div>\n\t\t\t\t\t<\/div>\n\t\t<\/section>\n\t\t\t\t<section class=\"elementor-section elementor-top-section elementor-element elementor-element-2873100 elementor-section-boxed elementor-section-height-default elementor-section-height-default\" data-id=\"2873100\" data-element_type=\"section\" data-e-type=\"section\">\n\t\t\t\t\t\t<div class=\"elementor-container elementor-column-gap-default\">\n\t\t\t\t\t<div class=\"elementor-column elementor-col-100 elementor-top-column elementor-element elementor-element-edb4d81\" data-id=\"edb4d81\" data-element_type=\"column\" data-e-type=\"column\">\n\t\t\t<div class=\"elementor-widget-wrap elementor-element-populated\">\n\t\t\t\t\t\t<div class=\"elementor-element elementor-element-c532d59 elementor-widget elementor-widget-image\" data-id=\"c532d59\" data-element_type=\"widget\" data-e-type=\"widget\" data-widget_type=\"image.default\">\n\t\t\t\t<div class=\"elementor-widget-container\">\n\t\t\t\t\t\t\t\t\t\t\t\t\t\t\t\t<a href=\"http:\/\/julrapp.com\/en\/\">\n\t\t\t\t\t\t\t<img decoding=\"async\" src=\"http:\/\/julrapp.com\/wp-content\/uploads\/elementor\/thumbs\/JR-logo1-or2e3ij6wfp4pbsizab4z1miwdl6y36wcfukq2h13k.png\" title=\"JR logo1\" alt=\"JR logo1\" class=\"elementor-animation-grow\" loading=\"lazy\" \/>\t\t\t\t\t\t\t\t<\/a>\n\t\t\t\t\t\t\t\t\t\t\t\t\t\t\t<\/div>\n\t\t\t\t<\/div>\n\t\t\t\t\t<\/div>\n\t\t<\/div>\n\t\t\t\t\t<\/div>\n\t\t<\/section>\n\t\t\t\t<\/div>","protected":false},"excerpt":{"rendered":"<p>BONJOUR, JE M&rsquo;APPELLE JULIEN RAPP Sp\u00e9cialiste des communications reconnu pour ses vastes connaissances linguistiques et son habilet\u00e9 \u00e0 r\u00e9diger, traduire et corriger des documents d&rsquo;importance strat\u00e9gique aussi bien \u00e0 l&rsquo;interne qu&rsquo;au grand public, au sein du secteur des t\u00e9l\u00e9communications. Depuis peu, je me consacre essentiellement \u00e0 ma passion pour le design graphique et les technologies &hellip;<\/p>\n<p class=\"read-more\"> <a class=\"\" href=\"https:\/\/julrapp.com\/en\/\"> <span class=\"screen-reader-text\">Home<\/span> Read More &raquo;<\/a><\/p>","protected":false},"author":1,"featured_media":0,"parent":0,"menu_order":0,"comment_status":"closed","ping_status":"closed","template":"elementor_header_footer","meta":{"footnotes":""},"class_list":["post-23","page","type-page","status-publish","hentry"],"yoast_head":"<!-- This site is optimized with the Yoast SEO plugin v26.9 - https:\/\/yoast.com\/product\/yoast-seo-wordpress\/ -->\n<title>Accueil - Julien Rapp<\/title>\n<meta name=\"robots\" content=\"index, follow, max-snippet:-1, max-image-preview:large, max-video-preview:-1\" \/>\n<link rel=\"canonical\" href=\"http:\/\/julrapp.com\/en\/\" \/>\n<meta property=\"og:locale\" content=\"en_GB\" \/>\n<meta property=\"og:type\" content=\"article\" \/>\n<meta property=\"og:title\" content=\"Accueil - Julien Rapp\" \/>\n<meta property=\"og:description\" content=\"BONJOUR, JE M&rsquo;APPELLE JULIEN RAPP Sp\u00e9cialiste des communications reconnu pour ses vastes connaissances linguistiques et son habilet\u00e9 \u00e0 r\u00e9diger, traduire et corriger des documents d&rsquo;importance strat\u00e9gique aussi bien \u00e0 l&rsquo;interne qu&rsquo;au grand public, au sein du secteur des t\u00e9l\u00e9communications. Depuis peu, je me consacre essentiellement \u00e0 ma passion pour le design graphique et les technologies &hellip; Accueil Read More &raquo;\" \/>\n<meta property=\"og:url\" content=\"http:\/\/julrapp.com\/en\/\" \/>\n<meta property=\"og:site_name\" content=\"Julien Rapp\" \/>\n<meta property=\"article:modified_time\" content=\"2023-10-25T14:29:57+00:00\" \/>\n<meta property=\"og:image\" content=\"http:\/\/julrapp.com\/wp-content\/uploads\/2020\/07\/montreal-mobile-jpeg-500kb-653x1024.jpg\" \/>\n<meta name=\"twitter:card\" content=\"summary_large_image\" \/>\n<meta name=\"twitter:label1\" content=\"Estimated reading time\" \/>\n\t<meta name=\"twitter:data1\" content=\"2 minutes\" \/>\n<script type=\"application\/ld+json\" class=\"yoast-schema-graph\">{\"@context\":\"https:\/\/schema.org\",\"@graph\":[{\"@type\":\"WebPage\",\"@id\":\"http:\/\/julrapp.com\/\",\"url\":\"http:\/\/julrapp.com\/\",\"name\":\"Accueil - Julien Rapp\",\"isPartOf\":{\"@id\":\"http:\/\/julrapp.com\/#website\"},\"primaryImageOfPage\":{\"@id\":\"http:\/\/julrapp.com\/#primaryimage\"},\"image\":{\"@id\":\"http:\/\/julrapp.com\/#primaryimage\"},\"thumbnailUrl\":\"http:\/\/julrapp.com\/wp-content\/uploads\/2020\/07\/montreal-mobile-jpeg-500kb-653x1024.jpg\",\"datePublished\":\"2020-05-04T18:03:06+00:00\",\"dateModified\":\"2023-10-25T14:29:57+00:00\",\"breadcrumb\":{\"@id\":\"http:\/\/julrapp.com\/#breadcrumb\"},\"inLanguage\":\"en-GB\",\"potentialAction\":[{\"@type\":\"ReadAction\",\"target\":[\"http:\/\/julrapp.com\/\"]}]},{\"@type\":\"ImageObject\",\"inLanguage\":\"en-GB\",\"@id\":\"http:\/\/julrapp.com\/#primaryimage\",\"url\":\"http:\/\/julrapp.com\/wp-content\/uploads\/2020\/07\/montreal-mobile-jpeg-500kb-653x1024.jpg\",\"contentUrl\":\"http:\/\/julrapp.com\/wp-content\/uploads\/2020\/07\/montreal-mobile-jpeg-500kb-653x1024.jpg\"},{\"@type\":\"BreadcrumbList\",\"@id\":\"http:\/\/julrapp.com\/#breadcrumb\",\"itemListElement\":[{\"@type\":\"ListItem\",\"position\":1,\"name\":\"Home\",\"item\":\"http:\/\/julrapp.com\/\"},{\"@type\":\"ListItem\",\"position\":2,\"name\":\"Accueil\"}]},{\"@type\":\"WebSite\",\"@id\":\"http:\/\/julrapp.com\/#website\",\"url\":\"http:\/\/julrapp.com\/\",\"name\":\"Julien Rapp\",\"description\":\"Portfolio\",\"potentialAction\":[{\"@type\":\"SearchAction\",\"target\":{\"@type\":\"EntryPoint\",\"urlTemplate\":\"http:\/\/julrapp.com\/?s={search_term_string}\"},\"query-input\":{\"@type\":\"PropertyValueSpecification\",\"valueRequired\":true,\"valueName\":\"search_term_string\"}}],\"inLanguage\":\"en-GB\"}]}<\/script>\n<!-- \/ Yoast SEO plugin. -->","yoast_head_json":{"title":"Accueil - Julien Rapp","robots":{"index":"index","follow":"follow","max-snippet":"max-snippet:-1","max-image-preview":"max-image-preview:large","max-video-preview":"max-video-preview:-1"},"canonical":"http:\/\/julrapp.com\/en\/","og_locale":"en_GB","og_type":"article","og_title":"Accueil - Julien Rapp","og_description":"BONJOUR, JE M&rsquo;APPELLE JULIEN RAPP Sp\u00e9cialiste des communications reconnu pour ses vastes connaissances linguistiques et son habilet\u00e9 \u00e0 r\u00e9diger, traduire et corriger des documents d&rsquo;importance strat\u00e9gique aussi bien \u00e0 l&rsquo;interne qu&rsquo;au grand public, au sein du secteur des t\u00e9l\u00e9communications. Depuis peu, je me consacre essentiellement \u00e0 ma passion pour le design graphique et les technologies &hellip; Accueil Read More &raquo;","og_url":"http:\/\/julrapp.com\/en\/","og_site_name":"Julien Rapp","article_modified_time":"2023-10-25T14:29:57+00:00","og_image":[{"url":"http:\/\/julrapp.com\/wp-content\/uploads\/2020\/07\/montreal-mobile-jpeg-500kb-653x1024.jpg","type":"","width":"","height":""}],"twitter_card":"summary_large_image","twitter_misc":{"Estimated reading time":"2 minutes"},"schema":{"@context":"https:\/\/schema.org","@graph":[{"@type":"WebPage","@id":"http:\/\/julrapp.com\/","url":"http:\/\/julrapp.com\/","name":"Accueil - Julien Rapp","isPartOf":{"@id":"http:\/\/julrapp.com\/#website"},"primaryImageOfPage":{"@id":"http:\/\/julrapp.com\/#primaryimage"},"image":{"@id":"http:\/\/julrapp.com\/#primaryimage"},"thumbnailUrl":"http:\/\/julrapp.com\/wp-content\/uploads\/2020\/07\/montreal-mobile-jpeg-500kb-653x1024.jpg","datePublished":"2020-05-04T18:03:06+00:00","dateModified":"2023-10-25T14:29:57+00:00","breadcrumb":{"@id":"http:\/\/julrapp.com\/#breadcrumb"},"inLanguage":"en-GB","potentialAction":[{"@type":"ReadAction","target":["http:\/\/julrapp.com\/"]}]},{"@type":"ImageObject","inLanguage":"en-GB","@id":"http:\/\/julrapp.com\/#primaryimage","url":"http:\/\/julrapp.com\/wp-content\/uploads\/2020\/07\/montreal-mobile-jpeg-500kb-653x1024.jpg","contentUrl":"http:\/\/julrapp.com\/wp-content\/uploads\/2020\/07\/montreal-mobile-jpeg-500kb-653x1024.jpg"},{"@type":"BreadcrumbList","@id":"http:\/\/julrapp.com\/#breadcrumb","itemListElement":[{"@type":"ListItem","position":1,"name":"Home","item":"http:\/\/julrapp.com\/"},{"@type":"ListItem","position":2,"name":"Accueil"}]},{"@type":"WebSite","@id":"http:\/\/julrapp.com\/#website","url":"http:\/\/julrapp.com\/","name":"Julien Rapp","description":"Portfolio","potentialAction":[{"@type":"SearchAction","target":{"@type":"EntryPoint","urlTemplate":"http:\/\/julrapp.com\/?s={search_term_string}"},"query-input":{"@type":"PropertyValueSpecification","valueRequired":true,"valueName":"search_term_string"}}],"inLanguage":"en-GB"}]}},"_links":{"self":[{"href":"https:\/\/julrapp.com\/en\/wp-json\/wp\/v2\/pages\/23","targetHints":{"allow":["GET"]}}],"collection":[{"href":"https:\/\/julrapp.com\/en\/wp-json\/wp\/v2\/pages"}],"about":[{"href":"https:\/\/julrapp.com\/en\/wp-json\/wp\/v2\/types\/page"}],"author":[{"embeddable":true,"href":"https:\/\/julrapp.com\/en\/wp-json\/wp\/v2\/users\/1"}],"replies":[{"embeddable":true,"href":"https:\/\/julrapp.com\/en\/wp-json\/wp\/v2\/comments?post=23"}],"version-history":[{"count":647,"href":"https:\/\/julrapp.com\/en\/wp-json\/wp\/v2\/pages\/23\/revisions"}],"predecessor-version":[{"id":1551,"href":"https:\/\/julrapp.com\/en\/wp-json\/wp\/v2\/pages\/23\/revisions\/1551"}],"wp:attachment":[{"href":"https:\/\/julrapp.com\/en\/wp-json\/wp\/v2\/media?parent=23"}],"curies":[{"name":"wp","href":"https:\/\/api.w.org\/{rel}","templated":true}]}}